{"id":402,"date":"2020-09-06T13:25:52","date_gmt":"2020-09-06T13:25:52","guid":{"rendered":"https:\/\/lionstyrnava.fi\/lionstyrnava2\/?page_id=402"},"modified":"2020-09-06T13:55:11","modified_gmt":"2020-09-06T13:55:11","slug":"varainhankinta","status":"publish","type":"page","link":"https:\/\/lionstyrnava.fi\/lionstyrnava2\/varainhankinta\/","title":{"rendered":"Varainhankinta"},"content":{"rendered":"\n<p class=\"has-text-color\" style=\"color:#153f82\">Lions Club Tyrn\u00e4v\u00e4 on osa kansainv\u00e4list\u00e4 Lions j\u00e4rjest\u00f6\u00e4. Lions toiminnan tarkoituksena on auttaa ja palvella yhteis\u00f6\u00e4 paikallisesti, kansallisesti ja kansainv\u00e4lisesti. Lions klubit ovat yleishy\u00f6dyllisi\u00e4 yhdistyksi\u00e4.<\/p>\n\n\n\n<p class=\"has-text-color\" style=\"color:#153f82\">Toimintaa toteutamme k\u00e4yt\u00e4nn\u00f6ss\u00e4 auttamalla ihmisi\u00e4 ja erilaisia toimijoita ty\u00f6panoksellamme, sek\u00e4 taloudellisesti erilaisin avustuksin ja lahjoituksin varojemme puitteissa.<\/p>\n\n\n\n<p class=\"has-text-color\" style=\"color:#153f82\">Lions Club Tyrn\u00e4v\u00e4n p\u00e4\u00e4asiallinen varainhankinta tulee syksyisin j\u00e4rjestett\u00e4vien <a href=\"https:\/\/www.perunamarkkinat.fi\/\">Tyrn\u00e4v\u00e4n Perunamarkkinoiden<\/a> lippu- ja myyntipaikkatuotoista. Perunamarkkinoiden, kuten muunkin varainhankinnan, nettotuotot k\u00e4ytet\u00e4\u00e4n t\u00e4ysin yll\u00e4mainittuihin avustuksiin ja lahjoituksiin.<\/p>\n\n\n\n<p class=\"has-text-color\" style=\"color:#153f82\">Klubin oman toiminnan varainhankinta on t\u00e4ysin erillist\u00e4, perustuen klubin j\u00e4senten ulkopuolisille tekem\u00e4\u00e4n ty\u00f6h\u00f6n sek\u00e4 erilaisiin tuotemyynteihin, eik\u00e4 klubin omaan toimintaan k\u00e4ytet\u00e4 yleis\u00f6lt\u00e4 ker\u00e4ttyj\u00e4 varoja.<\/p>\n","protected":false},"excerpt":{"rendered":"<p>Lions Club Tyrn\u00e4v\u00e4 on osa kansainv\u00e4list\u00e4 Lions j\u00e4rjest\u00f6\u00e4. Lions toiminnan tarkoituksena on auttaa ja palvella yhteis\u00f6\u00e4 paikallisesti, kansallisesti ja kansainv\u00e4lisesti. Lions klubit ovat yleishy\u00f6dyllisi\u00e4 yhdistyksi\u00e4. Toimintaa toteutamme k\u00e4yt\u00e4nn\u00f6ss\u00e4 auttamalla ihmisi\u00e4 ja erilaisia toimijoita ty\u00f6panoksellamme, sek\u00e4 taloudellisesti erilaisin avustuksin ja lahjoituksin varojemme puitteissa. Lions Club Tyrn\u00e4v\u00e4n p\u00e4\u00e4asiallinen varainhankinta tulee syksyisin j\u00e4rjestett\u00e4vien Tyrn\u00e4v\u00e4n Perunamarkkinoiden lippu- ja myyntipaikkatuotoista. [&hellip;]<\/p>\n","protected":false},"author":1,"featured_media":0,"parent":0,"menu_order":0,"comment_status":"closed","ping_status":"closed","template":"","meta":{"footnotes":""},"class_list":["post-402","page","type-page","status-publish","hentry"],"_links":{"self":[{"href":"https:\/\/lionstyrnava.fi\/lionstyrnava2\/wp-json\/wp\/v2\/pages\/402","targetHints":{"allow":["GET"]}}],"collection":[{"href":"https:\/\/lionstyrnava.fi\/lionstyrnava2\/wp-json\/wp\/v2\/pages"}],"about":[{"href":"https:\/\/lionstyrnava.fi\/lionstyrnava2\/wp-json\/wp\/v2\/types\/page"}],"author":[{"embeddable":true,"href":"https:\/\/lionstyrnava.fi\/lionstyrnava2\/wp-json\/wp\/v2\/users\/1"}],"replies":[{"embeddable":true,"href":"https:\/\/lionstyrnava.fi\/lionstyrnava2\/wp-json\/wp\/v2\/comments?post=402"}],"version-history":[{"count":4,"href":"https:\/\/lionstyrnava.fi\/lionstyrnava2\/wp-json\/wp\/v2\/pages\/402\/revisions"}],"predecessor-version":[{"id":409,"href":"https:\/\/lionstyrnava.fi\/lionstyrnava2\/wp-json\/wp\/v2\/pages\/402\/revisions\/409"}],"wp:attachment":[{"href":"https:\/\/lionstyrnava.fi\/lionstyrnava2\/wp-json\/wp\/v2\/media?parent=402"}],"curies":[{"name":"wp","href":"https:\/\/api.w.org\/{rel}","templated":true}]}}