{"id":274,"date":"2020-08-17T20:26:48","date_gmt":"2020-08-17T20:26:48","guid":{"rendered":"https:\/\/lionstyrnava.fi\/lionstyrnava2\/?page_id=274"},"modified":"2021-11-02T17:37:24","modified_gmt":"2021-11-02T17:37:24","slug":"liity-jaseneksi","status":"publish","type":"page","link":"https:\/\/lionstyrnava.fi\/lionstyrnava2\/liity-jaseneksi\/","title":{"rendered":"Liity j\u00e4seneksi"},"content":{"rendered":"\n<p class=\"has-text-color\" style=\"color:#153f82\"><strong>Lions Club International -j\u00e4rjest\u00f6<\/strong><\/p>\n\n\n\n<p class=\"has-text-color\" style=\"color:#153f82\">Lions Klubi -j\u00e4rjest\u00f6 on maailmanlaajuinen avustusj\u00e4rjest\u00f6. J\u00e4rjest\u00f6ll\u00e4 on 1,35 miljoonaa j\u00e4sent\u00e4 45 000 paikallisissa klubeissa yli 200 maassa. J\u00e4rjest\u00f6 on perustettu 1917.<br>Lis\u00e4tietoa.<\/p>\n\n\n\n<p class=\"has-text-color\" style=\"color:#153f82\"><strong>Lions Club Tyrn\u00e4v\u00e4 r.y.<\/strong><\/p>\n\n\n\n<p class=\"has-text-color\" style=\"color:#153f82\">Tyrn\u00e4v\u00e4n lions klubi on perustettu 26.2.1968.<\/p>\n\n\n\n<p class=\"has-text-color\" style=\"color:#153f82\">Lions klubimme, kuten muidenkin klubien, ensisijaisena tarkoituksena on tukea ja auttaa ihmisi\u00e4 ja erilaisia yhteis\u00f6j\u00e4 paikallisesti, maanlaajuisesti ja kansanvalisesti.<\/p>\n\n\n\n<p class=\"has-text-color\" style=\"color:#153f82\">Paikallisena klubina pyrimme ensisijaisesti antamaan tukemme paikallisesti, siis Tyrn\u00e4v\u00e4lle. Tarvittaessa tuemme my\u00f6s Suomen Lions liiton sek\u00e4 kansainv\u00e4lisen liiton asettamia kansallisia ja kansainv\u00e4lisi\u00e4 kohteita.<\/p>\n\n\n\n<p class=\"has-text-color\" style=\"color:#153f82\">Tukemme voi olla erilaisia palveluaktiviteetteja tai rahallista tukea. Viimeaikaisia avustuskohteita ovat olleet mm.<\/p>\n\n\n\n<p class=\"has-text-color\" style=\"color:#153f82\">Erilaiset j\u00e4rjestely- ja ty\u00f6teht\u00e4v\u00e4t esimerkiksi MLL Tyrn\u00e4v\u00e4n j\u00e4rjest\u00e4miss\u00e4 tapahtumissa kuten Talvitapahtuma, Joulutapahtuma jne.<br>Paikallisten j\u00e4rjest\u00f6jen ja yhteis\u00f6jen avustaminen<br>Erilaisissa akuutissa avuntarpeessa olevien ihmisten ja perheiden avustaminen<\/p>\n\n\n\n<p class=\"has-text-color\" style=\"color:#153f82\">P\u00e4\u00e4asiallinen varainhankintamme tulee Tyrn\u00e4v\u00e4n Perunamarkkinoista.<br>Kaikki ker\u00e4tyt varat jaetaan kokonaisuudessaan kulujen j\u00e4lkeen erilaisina avustuksina ja lahjoituksina j\u00e4rjest\u00f6n ja klubimme s\u00e4\u00e4nt\u00f6jen ja eettisten ohjeiden ohjaamina.<\/p>\n\n\n\n<p class=\"has-text-color\" style=\"color:#153f82\">Lis\u00e4\u00e4 toiminnastamme voit lukea mm. toimintakertomuksesta kaudella 2015 -2016.<\/p>\n\n\n\n<p class=\"has-text-color\" style=\"color:#153f82\"><strong>J\u00e4seneksi<\/strong><\/p>\n\n\n\n<p class=\"has-text-color\" style=\"color:#153f82\">Turvataksemme toimintamme tulevaisuuden tarvitsemme uusia j\u00e4seni\u00e4. Olitpa nainen, mies, nuori, varttuneempi, mink\u00e4laisessa asemassa tahansa\u2026 kaikki ovat l\u00e4mpim\u00e4sti tervetulleita klubimme j\u00e4seneksi ja toimintaan mukaan!<\/p>\n\n\n\n<p class=\"has-text-color\" style=\"color:#153f82\">Mik\u00e4li haluat liitty\u00e4 klubimme j\u00e4seneksi ja olla mukana tekem\u00e4ss\u00e4 arvokasta ty\u00f6t\u00e4 yhteis\u00f6mme hyv\u00e4ksi, l\u00e4het\u00e4 yhteystietosi allaolevalla lomakkeella niin otamme yhteytt\u00e4! Voit my\u00f6s soittaa tai l\u00e4hett\u00e4\u00e4 s\u00e4hk\u00f6postia suoraan allaolevilla yhteystiedoilla.<\/p>\n\n\n\n<p class=\"has-text-color\" style=\"color:#153f82\">Yhteystiedot:<\/p>\n\n\n\n<p class=\"has-text-color\" style=\"color:#153f82\">Teemu Pakonen (J\u00e4senvastaava)<br>p. 040 7445932<br>jasenvastaava(at)lionstyrnava.fi<\/p>\n\n\n<div class=\"wpforms-container wpforms-container-full wpforms-block\" id=\"wpforms-443\"><form id=\"wpforms-form-443\" class=\"wpforms-validate wpforms-form wpforms-ajax-form\" data-formid=\"443\" method=\"post\" enctype=\"multipart\/form-data\" action=\"\/lionstyrnava2\/wp-json\/wp\/v2\/pages\/274\" data-token=\"481d35ada0a1f4afaa82acc3645c56fb\" data-token-time=\"1776773921\"><noscript class=\"wpforms-error-noscript\">Please enable JavaScript in your browser to complete this form.<\/noscript><div class=\"wpforms-field-container\"><div id=\"wpforms-443-field_0-container\" class=\"wpforms-field wpforms-field-name\" data-field-id=\"0\"><label class=\"wpforms-field-label\">Nimesi <span class=\"wpforms-required-label\">*<\/span><\/label><div class=\"wpforms-field-row wpforms-field-medium\"><div class=\"wpforms-field-row-block wpforms-first wpforms-one-half\"><input type=\"text\" id=\"wpforms-443-field_0\" class=\"wpforms-field-name-first wpforms-field-required\" name=\"wpforms[fields][0][first]\" required><label for=\"wpforms-443-field_0\" class=\"wpforms-field-sublabel after\">First<\/label><\/div><div class=\"wpforms-field-row-block wpforms-one-half\"><input type=\"text\" id=\"wpforms-443-field_0-last\" class=\"wpforms-field-name-last wpforms-field-required\" name=\"wpforms[fields][0][last]\" required><label for=\"wpforms-443-field_0-last\" class=\"wpforms-field-sublabel after\">Last<\/label><\/div><\/div><\/div><div id=\"wpforms-443-field_1-container\" class=\"wpforms-field wpforms-field-email\" data-field-id=\"1\"><label class=\"wpforms-field-label\" for=\"wpforms-443-field_1\">S\u00e4hkopostiosoite <span class=\"wpforms-required-label\">*<\/span><\/label><input type=\"email\" id=\"wpforms-443-field_1\" class=\"wpforms-field-medium wpforms-field-required\" name=\"wpforms[fields][1]\" spellcheck=\"false\" required><\/div><div id=\"wpforms-443-field_5-container\" class=\"wpforms-field wpforms-field-text\" data-field-id=\"5\"><label class=\"wpforms-field-label\" for=\"wpforms-443-field_5\">Puhelinnumero<\/label><input type=\"text\" id=\"wpforms-443-field_5\" class=\"wpforms-field-medium\" name=\"wpforms[fields][5]\" ><\/div><div id=\"wpforms-443-field_3-container\" class=\"wpforms-field wpforms-field-checkbox\" data-field-id=\"3\"><ul id=\"wpforms-443-field_3\"><li class=\"choice-1 depth-1\"><input type=\"checkbox\" id=\"wpforms-443-field_3_1\" name=\"wpforms[fields][3][]\" value=\"Haluan liitty\u00e4 j\u00e4seneksi\"  ><label class=\"wpforms-field-label-inline\" for=\"wpforms-443-field_3_1\">Haluan liitty\u00e4 j\u00e4seneksi<\/label><\/li><li class=\"choice-2 depth-1\"><input type=\"checkbox\" id=\"wpforms-443-field_3_2\" name=\"wpforms[fields][3][]\" value=\"Haluan lis\u00e4tietoa\"  ><label class=\"wpforms-field-label-inline\" for=\"wpforms-443-field_3_2\">Haluan lis\u00e4tietoa<\/label><\/li><\/ul><\/div><div id=\"wpforms-443-field_2-container\" class=\"wpforms-field wpforms-field-textarea\" data-field-id=\"2\"><label class=\"wpforms-field-label\" for=\"wpforms-443-field_2\">Lis\u00e4tietoa<\/label><textarea id=\"wpforms-443-field_2\" class=\"wpforms-field-medium\" name=\"wpforms[fields][2]\" ><\/textarea><div class=\"wpforms-field-description\">Kerro t\u00e4ss\u00e4, jos haluat jotain erityist\u00e4 lis\u00e4tietoa tms.<\/div><\/div><div id=\"wpforms-443-field_4-container\" class=\"wpforms-field wpforms-field-checkbox\" data-field-id=\"4\"><label class=\"wpforms-field-label\">Haluan ett\u00e4 minuun otetaan yhteytt\u00e4<\/label><ul id=\"wpforms-443-field_4\"><li class=\"choice-1 depth-1\"><input type=\"checkbox\" id=\"wpforms-443-field_4_1\" name=\"wpforms[fields][4][]\" value=\"S\u00e4hk\u00f6postilla\"  ><label class=\"wpforms-field-label-inline\" for=\"wpforms-443-field_4_1\">S\u00e4hk\u00f6postilla<\/label><\/li><li class=\"choice-2 depth-1\"><input type=\"checkbox\" id=\"wpforms-443-field_4_2\" name=\"wpforms[fields][4][]\" value=\"Puhelimitse\"  ><label class=\"wpforms-field-label-inline\" for=\"wpforms-443-field_4_2\">Puhelimitse<\/label><\/li><\/ul><\/div><div id=\"wpforms-443-field_6-container\" class=\"wpforms-field wpforms-field-gdpr-checkbox\" data-field-id=\"6\"><label class=\"wpforms-field-label\">GDPR Agreement <span class=\"wpforms-required-label\">*<\/span><\/label><ul id=\"wpforms-443-field_6\" class=\"wpforms-field-required\"><li class=\"choice-1\"><input type=\"checkbox\" id=\"wpforms-443-field_6_1\" name=\"wpforms[fields][6][]\" value=\"I consent to having this website store my submitted information so they can respond to my inquiry.\" required ><label class=\"wpforms-field-label-inline\" for=\"wpforms-443-field_6_1\">I consent to having this website store my submitted information so they can respond to my inquiry.<\/label><\/li><\/ul><\/div><\/div><!-- .wpforms-field-container --><div class=\"wpforms-recaptcha-container wpforms-is-recaptcha wpforms-is-recaptcha-type-v2\" ><div class=\"g-recaptcha\" data-sitekey=\"6Lc_vQ0dAAAAAGjQEmmyP7aFm99JZ553mQaP01X7\"><\/div><input type=\"text\" name=\"g-recaptcha-hidden\" class=\"wpforms-recaptcha-hidden\" style=\"position:absolute!important;clip:rect(0,0,0,0)!important;height:1px!important;width:1px!important;border:0!important;overflow:hidden!important;padding:0!important;margin:0!important;\" data-rule-recaptcha=\"1\"><\/div><div class=\"wpforms-submit-container\" ><input type=\"hidden\" name=\"wpforms[id]\" value=\"443\"><input type=\"hidden\" name=\"page_title\" value=\"\"><input type=\"hidden\" name=\"page_url\" value=\"https:\/\/lionstyrnava.fi\/lionstyrnava2\/wp-json\/wp\/v2\/pages\/274\"><input type=\"hidden\" name=\"url_referer\" value=\"\"><button type=\"submit\" name=\"wpforms[submit]\" id=\"wpforms-submit-443\" class=\"wpforms-submit\" data-alt-text=\"L\u00e4hetet\u00e4\u00e4n...\" data-submit-text=\"L\u00e4het\u00e4\" aria-live=\"assertive\" value=\"wpforms-submit\">L\u00e4het\u00e4<\/button><img loading=\"lazy\" decoding=\"async\" src=\"https:\/\/lionstyrnava.fi\/lionstyrnava2\/wp-content\/plugins\/wpforms-lite\/assets\/images\/submit-spin.svg\" class=\"wpforms-submit-spinner\" style=\"display: none;\" width=\"26\" height=\"26\" alt=\"Loading\"><\/div><\/form><\/div>  <!-- .wpforms-container -->","protected":false},"excerpt":{"rendered":"<p>Lions Club International -j\u00e4rjest\u00f6 Lions Klubi -j\u00e4rjest\u00f6 on maailmanlaajuinen avustusj\u00e4rjest\u00f6. J\u00e4rjest\u00f6ll\u00e4 on 1,35 miljoonaa j\u00e4sent\u00e4 45 000 paikallisissa klubeissa yli 200 maassa. J\u00e4rjest\u00f6 on perustettu 1917.Lis\u00e4tietoa. Lions Club Tyrn\u00e4v\u00e4 r.y. Tyrn\u00e4v\u00e4n lions klubi on perustettu 26.2.1968. Lions klubimme, kuten muidenkin klubien, ensisijaisena tarkoituksena on tukea ja auttaa ihmisi\u00e4 ja erilaisia yhteis\u00f6j\u00e4 paikallisesti, maanlaajuisesti ja kansanvalisesti. [&hellip;]<\/p>\n","protected":false},"author":1,"featured_media":0,"parent":0,"menu_order":0,"comment_status":"closed","ping_status":"closed","template":"","meta":{"footnotes":""},"class_list":["post-274","page","type-page","status-publish","hentry"],"_links":{"self":[{"href":"https:\/\/lionstyrnava.fi\/lionstyrnava2\/wp-json\/wp\/v2\/pages\/274","targetHints":{"allow":["GET"]}}],"collection":[{"href":"https:\/\/lionstyrnava.fi\/lionstyrnava2\/wp-json\/wp\/v2\/pages"}],"about":[{"href":"https:\/\/lionstyrnava.fi\/lionstyrnava2\/wp-json\/wp\/v2\/types\/page"}],"author":[{"embeddable":true,"href":"https:\/\/lionstyrnava.fi\/lionstyrnava2\/wp-json\/wp\/v2\/users\/1"}],"replies":[{"embeddable":true,"href":"https:\/\/lionstyrnava.fi\/lionstyrnava2\/wp-json\/wp\/v2\/comments?post=274"}],"version-history":[{"count":6,"href":"https:\/\/lionstyrnava.fi\/lionstyrnava2\/wp-json\/wp\/v2\/pages\/274\/revisions"}],"predecessor-version":[{"id":445,"href":"https:\/\/lionstyrnava.fi\/lionstyrnava2\/wp-json\/wp\/v2\/pages\/274\/revisions\/445"}],"wp:attachment":[{"href":"https:\/\/lionstyrnava.fi\/lionstyrnava2\/wp-json\/wp\/v2\/media?parent=274"}],"curies":[{"name":"wp","href":"https:\/\/api.w.org\/{rel}","templated":true}]}}