{"id":272,"date":"2020-08-17T20:26:48","date_gmt":"2020-08-17T20:26:48","guid":{"rendered":"https:\/\/lionstyrnava.fi\/lionstyrnava2\/?page_id=272"},"modified":"2025-08-05T15:26:31","modified_gmt":"2025-08-05T12:26:31","slug":"yhteystiedot","status":"publish","type":"page","link":"https:\/\/lionstyrnava.fi\/lionstyrnava2\/yhteystiedot\/","title":{"rendered":"Yhteystiedot"},"content":{"rendered":"\n<p class=\"has-text-align-center has-text-color\" style=\"color:#153f82\"><strong>S\u00e4hk\u00f6posti<br><\/strong>s-posti: posti(at)lionstyrnava.fi<\/p>\n\n\n\n<div class=\"wp-block-columns has-text-color is-layout-flex wp-container-core-columns-is-layout-9d6595d7 wp-block-columns-is-layout-flex\" style=\"color:#153f82\">\n<div class=\"wp-block-column is-layout-flow wp-block-column-is-layout-flow\" style=\"flex-basis:59.2%\">\n<p><strong>Hallitus 2024-2025<br><\/strong>s-posti: hallitus(at)lionstyrnava.fi<\/p>\n\n\n\n<p><strong>Presidentti<\/strong><br>Lauri Anttila<br>presidentti(at)lionstyrnava.fi<\/p>\n\n\n\n<p><strong>Edellisen kauden Presidentti<br><\/strong>Simo Rahko<br>past.presidentti(at)lionstyrnava.fi<\/p>\n\n\n\n<p><strong>1. Varapresidentti<br><\/strong>Arto Lassila<br>1.varapresidentti(at)lionstyrnava.fi<\/p>\n\n\n\n<p><strong>2. Varapresidentti<br><\/strong>Ilkka Matinolli<br>2.varapresidentti(at)lionstyrnava.fi<\/p>\n\n\n\n<p><strong>Sihteeri<\/strong><br>Anne Backman<br>sihteeri(at)lionstyrnava.fi<\/p>\n\n\n\n<p><strong>Rahastonhoitaja<\/strong><br>Sakari Pernu<br>rahastonhoitaja(at)lionstyrnava.fi<\/p>\n\n\n\n<p><strong>Tiedotussihteeri<\/strong><br>Heikki Markus<\/p>\n\n\n\n<p><strong>Klubimestari<\/strong><br>Timo Kangasj\u00e4rvel\u00e4<\/p>\n\n\n\n<p><strong>Tail twister<br><\/strong>Olavi Savela<\/p>\n\n\n\n<p><strong>Toimikunnat<\/strong><\/p>\n\n\n\n<p><strong>Perunamarkkinatoimikunta<br><\/strong>Pj. Ari Oravainen<br>ari.oravainen@lionstyrnava.fi<\/p>\n\n\n\n<p><strong>J\u00e4sentoimikunta<\/strong><br>Pj. Teemu Pakonen<br>jasenvastaava(at)lionstyrnava.fi<\/p>\n\n\n\n<p>J\u00e4senet:<br>Heikki Markus<br>Sakari Pernu<\/p>\n\n\n\n<p>Palkitsemistoimikunnan puheenjohtaja:<\/p>\n\n\n\n<p>Muut teht\u00e4v\u00e4t<\/p>\n\n\n\n<p><strong>ARS Lion<br><\/strong>Markku Rahko<\/p>\n\n\n\n<p><strong>Web vastaava<br><\/strong>Sakari Pernu<br>webmaster(at)lionstyrnava.fi<\/p>\n<\/div>\n\n\n\n<div class=\"wp-block-column is-layout-flow wp-block-column-is-layout-flow\" style=\"flex-basis:39.1%\">\n<p><strong>Linkkej\u00e4:<\/strong><\/p>\n\n\n\n<p><a rel=\"noreferrer noopener\" href=\"https:\/\/www.lionsclubs.org\/fi\" target=\"_blank\">Lions Club International<br><\/a><a rel=\"noreferrer noopener\" href=\"http:\/\/www.lions.fi\/etusivu\/\" target=\"_blank\">Suomen Lions-liitto<\/a><br><a href=\"https:\/\/www.lions107-i.fi\/\" target=\"_blank\" rel=\"noreferrer noopener\">Piiri 107-I<br><\/a><a href=\"http:\/\/www.e-clubhouse.org\/sites\/muhos\/\" target=\"_blank\" rel=\"noreferrer noopener\">Lions Club Muhos<\/a><br><a href=\"http:\/\/www.e-clubhouse.org\/sites\/utajarvi\/\" target=\"_blank\" rel=\"noreferrer noopener\">Lions Club Utaj\u00e4rvi<\/a><br><a href=\"http:\/\/www.e-clubhouse.org\/sites\/vaala\/\" target=\"_blank\" rel=\"noreferrer noopener\">Lions Club Vaala<\/a><\/p>\n<\/div>\n<\/div>\n\n\n\n<p><\/p>\n","protected":false},"excerpt":{"rendered":"<p>S\u00e4hk\u00f6postis-posti: posti(at)lionstyrnava.fi Hallitus 2024-2025s-posti: hallitus(at)lionstyrnava.fi PresidenttiLauri Anttilapresidentti(at)lionstyrnava.fi Edellisen kauden PresidenttiSimo Rahkopast.presidentti(at)lionstyrnava.fi 1. VarapresidenttiArto Lassila1.varapresidentti(at)lionstyrnava.fi 2. VarapresidenttiIlkka Matinolli2.varapresidentti(at)lionstyrnava.fi SihteeriAnne Backmansihteeri(at)lionstyrnava.fi RahastonhoitajaSakari Pernurahastonhoitaja(at)lionstyrnava.fi TiedotussihteeriHeikki Markus KlubimestariTimo Kangasj\u00e4rvel\u00e4 Tail twisterOlavi Savela Toimikunnat PerunamarkkinatoimikuntaPj. Ari Oravainenari.oravainen@lionstyrnava.fi J\u00e4sentoimikuntaPj. Teemu Pakonenjasenvastaava(at)lionstyrnava.fi J\u00e4senet:Heikki MarkusSakari Pernu Palkitsemistoimikunnan puheenjohtaja: Muut teht\u00e4v\u00e4t ARS LionMarkku Rahko Web vastaavaSakari Pernuwebmaster(at)lionstyrnava.fi Linkkej\u00e4: Lions Club InternationalSuomen Lions-liittoPiiri 107-ILions Club [&hellip;]<\/p>\n","protected":false},"author":1,"featured_media":0,"parent":0,"menu_order":0,"comment_status":"closed","ping_status":"closed","template":"","meta":{"footnotes":""},"class_list":["post-272","page","type-page","status-publish","hentry"],"_links":{"self":[{"href":"https:\/\/lionstyrnava.fi\/lionstyrnava2\/wp-json\/wp\/v2\/pages\/272","targetHints":{"allow":["GET"]}}],"collection":[{"href":"https:\/\/lionstyrnava.fi\/lionstyrnava2\/wp-json\/wp\/v2\/pages"}],"about":[{"href":"https:\/\/lionstyrnava.fi\/lionstyrnava2\/wp-json\/wp\/v2\/types\/page"}],"author":[{"embeddable":true,"href":"https:\/\/lionstyrnava.fi\/lionstyrnava2\/wp-json\/wp\/v2\/users\/1"}],"replies":[{"embeddable":true,"href":"https:\/\/lionstyrnava.fi\/lionstyrnava2\/wp-json\/wp\/v2\/comments?post=272"}],"version-history":[{"count":17,"href":"https:\/\/lionstyrnava.fi\/lionstyrnava2\/wp-json\/wp\/v2\/pages\/272\/revisions"}],"predecessor-version":[{"id":521,"href":"https:\/\/lionstyrnava.fi\/lionstyrnava2\/wp-json\/wp\/v2\/pages\/272\/revisions\/521"}],"wp:attachment":[{"href":"https:\/\/lionstyrnava.fi\/lionstyrnava2\/wp-json\/wp\/v2\/media?parent=272"}],"curies":[{"name":"wp","href":"https:\/\/api.w.org\/{rel}","templated":true}]}}