{"id":108,"date":"2020-08-11T18:16:08","date_gmt":"2020-08-11T18:16:08","guid":{"rendered":"https:\/\/lionstyrnava.fi\/lionstyrnava2\/?page_id=108"},"modified":"2020-08-23T18:54:37","modified_gmt":"2020-08-23T18:54:37","slug":"toiminta","status":"publish","type":"page","link":"https:\/\/lionstyrnava.fi\/lionstyrnava2\/toiminta\/","title":{"rendered":"Toiminta"},"content":{"rendered":"\n<p class=\"has-text-color\" style=\"color:#153f82\"><strong>LC TYRN\u00c4V\u00c4 TOIMINTASUUNNITELMA<\/strong><\/p>\n\n\n\n<p class=\"has-text-color\" style=\"color:#153f82\"><strong>Toiminta-ajatus (missio)<br><\/strong>Jatkamme perinteisi\u00e4 klubiaktiviteetteja ja pyrimme saamaan edellisell\u00e4 kaudella aloitetut uudet aktiviteetit vakiintumaan pysyv\u00e4ksi aktiviteetiksi.<br>Yksin ja yhdess\u00e4 muiden toimijoiden kanssa pyrimme tukemaan paikallista lapsi- ja nuorisoty\u00f6t\u00e4, avustaa paikallisia v\u00e4h\u00e4varaisia ja muita apua ja tukea tarvitsevia.<br>Luoda ja yll\u00e4pit\u00e4\u00e4 hyv\u00e4\u00e4 toveruutta, keskin\u00e4ist\u00e4 yhteisymm\u00e4rryst\u00e4 ja kiinteit\u00e4 yst\u00e4vyyssiteit\u00e4 klubin j\u00e4senten samoin kuin kaikkien ihmisten kesken.<\/p>\n\n\n\n<p class=\"has-text-color\" style=\"color:#153f82\"><strong>Tavoitetila (visio)<br><\/strong>Kehitt\u00e4\u00e4 ja tarvittaessa muuttaa klubin perinteist\u00e4 toimintatapaa klubin s\u00e4\u00e4nt\u00f6jen puitteissa.<\/p>\n\n\n\n<p class=\"has-text-color\" style=\"color:#153f82\"><strong>Tavoite ja toimenkuva<br><\/strong>Yll\u00e4pit\u00e4\u00e4 ja kehitt\u00e4\u00e4 yhteisty\u00f6suhteita klubin jo olemassa olevien yhteisty\u00f6kumppaneiden kanssa ja tarpeen ja mahdollisuuksien mukaan solmia uusia yhteisty\u00f6suhteita muiden toimijoiden kanssa.<br>Hankkia tuleviin aktiviteetteihin, kuten Perunamarkkinoille, tarvittavat toimijat ja yhteisty\u00f6kumppanit.<br>Toimia osana paikallista, kansallista ja kansainv\u00e4list\u00e4 Lions-toimintaa.<\/p>\n\n\n\n<p class=\"has-text-color\" style=\"color:#153f82\"><strong>Painopisteet<\/strong><br>Perinteiset aktiviteetit ja niiden my\u00f6t\u00e4 luotujen avustus- yhteisty\u00f6toiminnan jatkaminen.<br>Positiivinen j\u00e4senm\u00e4\u00e4r\u00e4.<\/p>\n\n\n\n<p class=\"has-text-color\" style=\"color:#153f82\"><strong>Toiminta<\/strong><br>Klubikokous tarvittaessa kuukauden 2. keskiviikkona .<br>Hallituksen kokous kuukauden 2. keskiviikkona.<br>Vuosikokous lokakuussa.<br>Vaalikokous huhtikuussa.<br>Komiteoiden kokoukset tarpeen mukaan.<br>Aktiivinen aktiviteetteihin osallistuminen.<br>Avoin ilmapiiri klubin toiminnan yll\u00e4pit\u00e4miseksi ja tarvittaessa kehitt\u00e4miseksi.<\/p>\n","protected":false},"excerpt":{"rendered":"<p>LC TYRN\u00c4V\u00c4 TOIMINTASUUNNITELMA Toiminta-ajatus (missio)Jatkamme perinteisi\u00e4 klubiaktiviteetteja ja pyrimme saamaan edellisell\u00e4 kaudella aloitetut uudet aktiviteetit vakiintumaan pysyv\u00e4ksi aktiviteetiksi.Yksin ja yhdess\u00e4 muiden toimijoiden kanssa pyrimme tukemaan paikallista lapsi- ja nuorisoty\u00f6t\u00e4, avustaa paikallisia v\u00e4h\u00e4varaisia ja muita apua ja tukea tarvitsevia.Luoda ja yll\u00e4pit\u00e4\u00e4 hyv\u00e4\u00e4 toveruutta, keskin\u00e4ist\u00e4 yhteisymm\u00e4rryst\u00e4 ja kiinteit\u00e4 yst\u00e4vyyssiteit\u00e4 klubin j\u00e4senten samoin kuin kaikkien ihmisten kesken. Tavoitetila [&hellip;]<\/p>\n","protected":false},"author":1,"featured_media":0,"parent":0,"menu_order":0,"comment_status":"closed","ping_status":"closed","template":"","meta":{"footnotes":""},"class_list":["post-108","page","type-page","status-publish","hentry"],"_links":{"self":[{"href":"https:\/\/lionstyrnava.fi\/lionstyrnava2\/wp-json\/wp\/v2\/pages\/108","targetHints":{"allow":["GET"]}}],"collection":[{"href":"https:\/\/lionstyrnava.fi\/lionstyrnava2\/wp-json\/wp\/v2\/pages"}],"about":[{"href":"https:\/\/lionstyrnava.fi\/lionstyrnava2\/wp-json\/wp\/v2\/types\/page"}],"author":[{"embeddable":true,"href":"https:\/\/lionstyrnava.fi\/lionstyrnava2\/wp-json\/wp\/v2\/users\/1"}],"replies":[{"embeddable":true,"href":"https:\/\/lionstyrnava.fi\/lionstyrnava2\/wp-json\/wp\/v2\/comments?post=108"}],"version-history":[{"count":2,"href":"https:\/\/lionstyrnava.fi\/lionstyrnava2\/wp-json\/wp\/v2\/pages\/108\/revisions"}],"predecessor-version":[{"id":329,"href":"https:\/\/lionstyrnava.fi\/lionstyrnava2\/wp-json\/wp\/v2\/pages\/108\/revisions\/329"}],"wp:attachment":[{"href":"https:\/\/lionstyrnava.fi\/lionstyrnava2\/wp-json\/wp\/v2\/media?parent=108"}],"curies":[{"name":"wp","href":"https:\/\/api.w.org\/{rel}","templated":true}]}}